{"id":692,"date":"2023-05-12T10:56:33","date_gmt":"2023-05-12T08:56:33","guid":{"rendered":"https:\/\/www.primalchit.com\/politica-de-privacidad\/"},"modified":"2023-07-17T14:09:33","modified_gmt":"2023-07-17T12:09:33","slug":"politica-de-privacidad","status":"publish","type":"page","link":"https:\/\/www.primalchit.com\/en\/politica-de-privacidad\/","title":{"rendered":"Privacy Policy"},"content":{"rendered":"<p>I.- \u00bfQui\u00e9n es el Responsable del tratamiento de tus datos?<\/p>\n<p>El presente documento constituye la pol\u00edtica de privacidad (en adelante, \u00ab<strong>Pol\u00edtica de Privacidad<\/strong>\u00ab) que aplica a todos los datos de car\u00e1cter personal que TANTUM CONSULTORES, SOCIEDAD LIMITADA, con domicilio social en la C\/ Ribera, n\u00fam. 18, 14, 46002, Valencia, (en adelante \u00abTANTUM\u201d) trata acerca de ti.<\/p>\n<p>A los efectos de la presente Pol\u00edtica de Privacidad, debe entenderse como \u00abInteresado\u00bb a toda persona f\u00edsica identificada o identificable que haya facilitado datos de car\u00e1cter personal de su titularidad a TANTUM para que sean tratados de acuerdo con las finalidades declaradas.<\/p>\n<p>Se considerar\u00e1 como tratamiento de datos personales, todas las operaciones, gestiones y procedimientos t\u00e9cnicos que se realicen de forma automatizada o no y que posibiliten la recogida, el almacenamiento, modificaci\u00f3n, transferencia y otras acciones sobre datos de car\u00e1cter personal.<\/p>\n<p>La informaci\u00f3n que como Interesado proporciones a TANTUM a trav\u00e9s del Sitio Web queda protegida de conformidad con los t\u00e9rminos de esta Pol\u00edtica de Privacidad y de acuerdo con la legislaci\u00f3n espa\u00f1ola y normativa comunitaria de aplicaci\u00f3n.<\/p>\n<p>Los datos recabados a trav\u00e9s de los formularios que ponemos a tu disposici\u00f3n en el Sitio Web son confidenciales y est\u00e1n adecuadamente protegidos. El Interesado se compromete a que toda la que facilite a TANTUM es cierta, siendo \u00e9ste el \u00fanico responsable de cualquier da\u00f1o o perjuicio directo o indirecto que pudiera ocasionarse a TANTUM si cumplimenta los formularios de datos con informaci\u00f3n falsa o de terceras personas causando enga\u00f1o, da\u00f1o o perjuicio.<\/p>\n<p>Se considerar\u00e1 necesario completar todos los campos del formulario marcados con un asterisco (*), de tal forma que la negativa a suministrarlos supondr\u00e1 la imposibilidad de llevar a cabo la prestaci\u00f3n de los servicios contratados.<\/p>\n<p>El Interesado podr\u00e1 ponerse en contacto con el Delegado de Protecci\u00f3n de Datos (en adelante, \u00abDPO\u00bb) de TANTUM a trav\u00e9s del correo electr\u00f3nico primalchit@primalchit.com o en la direcci\u00f3n postal en C\/ Ribera, n\u00fam. 18, 14, 46002, Valencia para cualquier duda o necesidad que tuviere en materia de protecci\u00f3n de datos.<\/p>\n<p>&nbsp;<\/p>\n<p>II.- \u00bfCon qu\u00e9 finalidad tratamos tus datos?<\/p>\n<p>TANTUM, tratar\u00e1 los datos del Interesado, de manera manual y\/o automatizada, para las siguientes finalidades espec\u00edficas:<\/p>\n<ul>\n<li>Gestionar y atender las consultas que nos realices a trav\u00e9s del formulario web.<\/li>\n<li>Enviar boletines y alertas con informaci\u00f3n sobre promociones exclusivas y \u00faltimas novedades.<\/li>\n<li>En el caso de que nos remitas tu CV o te inscribas en las diferentes ofertas de trabajo que podemos publicar, trataremos tus datos con el fin de valorar y gestionar tu solicitud de empleo, y en su caso, llevar a cabo las actuaciones necesarias para la selecci\u00f3n y contrataci\u00f3n de personal, a fin de ofertarte puestos que se ajustan a tu perfil. Salvo que indiques lo contrario, la aportaci\u00f3n de los requeridos es necesaria, por lo que su no aportaci\u00f3n impedir\u00e1 la continuidad del proceso de selecci\u00f3n.<\/li>\n<li>Para garantizar que tu experiencia con los Sitios web sea m\u00e1s eficiente tanto para ti como para tu dispositivo, realizando informes estad\u00edsticos an\u00f3nimos respectos de los h\u00e1bitos de acceso y la actividad desarrollada por los usuarios en la plataforma.<\/li>\n<li>Para permitirte participar en funciones interactivas de nuestro servicio y nuestros Sitios Web, cuando escojas hacerlo.<\/li>\n<li>Gestionar tu participaci\u00f3n en sorteos y promociones que realicemos a trav\u00e9s del Sitio Web o perfiles de Redes Sociales.<\/li>\n<li>Responder al ejercicio de los derechos ARCO+, as\u00ed como consultas y reclamaciones relacionadas con los mismos.<\/li>\n<\/ul>\n<p>&nbsp;<\/p>\n<p>III.- \u00bfCu\u00e1l es la legitimaci\u00f3n para el tratamiento de tus datos personales?<\/p>\n<p>La base legal para el tratamiento de los datos para las finalidades (b); (c); (e) y (f); es el consentimiento que se solicita al Usuario.<\/p>\n<p>La base legal para el tratamiento de los datos para las finalidades (a) y (d) es la satisfacci\u00f3n del inter\u00e9s leg\u00edtimo perseguido por DAMEL para ser capaz de anticiparse a las necesidades del Usuario y poder ofrecer los productos y servicios que mejor se adapten a estos.<\/p>\n<p>La base legal para el tratamiento de los datos para la final (g) es el cumplimiento de obligaciones legales.<\/p>\n<p>&nbsp;<\/p>\n<p>IV.- \u00bfDurante cu\u00e1nto tiempo conservamos los datos personales?<\/p>\n<p>TANTUM guardar\u00e1 los datos personales s\u00f3lo durante el periodo de tiempo que sea razonablemente necesario para prestar los servicios contratados, dar respuesta a cuestiones que se planteen o resolver las consultas realizadas a trav\u00e9s del formulario web, as\u00ed como para cumplir con los requisitos que exija la legislaci\u00f3n aplicable. Adicionalmente, conservaremos tus datos hasta que decidas revocar tu consentimiento o hasta que solicites la supresi\u00f3n de los mismos.<\/p>\n<p>Ello implica que TANTUM podr\u00e1 conservar los datos de los Interesados durante un periodo de tiempo incluso despu\u00e9s de que el Interesado haya dejado de usar los servicios ofrecidos por DAMEL. Durante el periodo de conservaci\u00f3n de los datos TANTUM bloquear\u00e1 en todos sus sistemas los datos personales del Interesado.<\/p>\n<p>&nbsp;<\/p>\n<p>V.- \u00bfA qu\u00e9 destinatarios se comunicar\u00e1n tus datos?<\/p>\n<p>TANTUM podr\u00e1 ceder o comunicar los datos personales de los Interesados a los siguientes destinatarios:<\/p>\n<p>Por imperativo legal, TANTUM ceder\u00e1 los datos de los Interesados a administraciones y organismos p\u00fablicos, cuando as\u00ed lo exija la normativa aplicable.<\/p>\n<p>&nbsp;<\/p>\n<p>TANTUM podr\u00e1 permitir el acceso a los datos de los Interesados a empresas o profesionales encargados del tratamiento de datos y proveedores de servicio de TANTUM: empresas o profesionales de marketing digital, empresas tecnol\u00f3gicas, gestores administrativos, etc.<\/p>\n<p>&nbsp;<\/p>\n<p>VI.- \u00bfC\u00f3mo protegemos sus datos?<\/p>\n<p>TANTUM informa que tienen adoptados niveles de seguridad de protecci\u00f3n de datos personales adecuados seg\u00fan el nivel de riesgo detectado por la compa\u00f1\u00eda, y ha instalado medios y medidas t\u00e9cnicas y organizativas para evitar la p\u00e9rdida, mal uso, alteraci\u00f3n, acceso no autorizado y robo de los datos personales que se nos facilite, entre los que se destacan:<\/p>\n<ul>\n<li>Encriptaci\u00f3n de las comunicaciones entre el dispositivo del Interesado y los servidores de TANTUM.<\/li>\n<li>Encriptaci\u00f3n de la informaci\u00f3n en los propios servidores de TANTUM.<\/li>\n<li>Otras medidas que eviten el acceso a los datos de los Interesados por parte de terceros.<\/li>\n<\/ul>\n<p>En aquellos casos en los que TANTUM cuente con prestadores de servicio para el mantenimiento de la plataforma que se encuentren fuera de la Uni\u00f3n Europea, estas trasferencias internacionales se hayan regularizadas atendiendo al compromiso de TANTUM con la protecci\u00f3n, integridad y seguridad de los datos personales de los Interesados.<\/p>\n<p>&nbsp;<\/p>\n<p>VII.- \u00bfC\u00f3mo tratamos los datos personales de menores?<\/p>\n<p>Los menores de edad, y en todo caso, los menores de 16 a\u00f1os deber\u00e1n obtener con car\u00e1cter previo el permiso de sus padres, tutores o representantes legales para utilizar los servicios ofrecidos en el Sitio Web y participar en las promociones y concursos que organice TANTUM a trav\u00e9s de Redes Sociales.<\/p>\n<p>En caso de que TANTUM detecte Interesados que pudieran ser menores de 16 a\u00f1os, este se reserva el derecho de solicitarles documentos de identidad y\/o la autorizaci\u00f3n de sus padres o representantes legales. TANTUM se reserva el derecho de causar baja en aquellos Interesados que no acrediten y faciliten estos documentos a TANTUM.<\/p>\n<p>&nbsp;<\/p>\n<p>VIII.- \u00bfCu\u00e1les son tus derechos en materia de privacidad?<\/p>\n<p>Desde TANTUM estamos comprometidos con el cumplimiento normativo y el respeto de tus derechos de privacidad, por lo que si tienes alguna duda o quieres contactar con nosotros puedes hacerlo a trav\u00e9s de los siguientes medios:<\/p>\n<p>Electr\u00f3nico: primalchit@primalchit.com<\/p>\n<p>Direcci\u00f3n: C\/ Ribera, n\u00fam. 18 \u2013 14, 46002, Valencia.<\/p>\n<p>&nbsp;<\/p>\n<p>&nbsp;<\/p>\n<p>&nbsp;<\/p>\n<p>Los derechos que te asisten como titular de los datos personales son los siguientes:<\/p>\n<ul>\n<li>Derecho de acceso: Tienes derecho a obtener confirmaci\u00f3n sobre si TANTUM trata datos personales que te conciernen, o no, as\u00ed como a acceder a los datos personales que TANTUM pudiera tener acerca de ti.<\/li>\n<li>Derecho de rectificaci\u00f3n: Tienes derecho a solicitar que TANTUM rectifique tus datos personales cuando sean inexactos o que se completen cuando sean incompletos.<\/li>\n<li>Derecho de supresi\u00f3n\/derecho al olvido: Tienes derecho a solicitar a TANTUM que los datos personales sean suprimidos cuando, entre otros motivos, los datos ya no sean necesarios para los fines que fueron recogidos.<\/li>\n<li>Derecho de limitaci\u00f3n: Tienes derecho a solicitar a TANTUM la limitaci\u00f3n del tratamiento de los datos, en cuyo caso \u00fanicamente los conservaremos para el ejercicio o defensa de reclamaciones.<\/li>\n<li>Derecho de portabilidad: Tienes derecho a solicitar a TANTUM que te remita los datos personales en un formato estructurado, de uso com\u00fan y lectura mec\u00e1nica, y a transmitirlos a otro responsable cuando el tratamiento se base en el consentimiento o en un contrato, y se efect\u00fae por medios automatizados.<\/li>\n<li>Derecho de oposici\u00f3n: En determinadas circunstancias y por motivos relacionados con tu situaci\u00f3n particular al tratamiento de sus datos, podr\u00e1s oponerte al tratamiento de tus datos. TANTUM dejar\u00e1 de tratar los datos, salvo por motivos leg\u00edtimos imperiosos, o el ejercicio o la defensa de posibles reclamaciones.<\/li>\n<li>Decisiones individuales automatizadas: Tienes derecho a obtener intervenci\u00f3n humana, a expresar tu punto de vista y a impugnar las decisiones adoptadas por parte de TANTUM, en su caso.<\/li>\n<li>Derecho a presentar una reclamaci\u00f3n: Tienes derecho a presentar una reclamaci\u00f3n ante la Agencia Espa\u00f1ola de Protecci\u00f3n de Datos.<\/li>\n<\/ul>\n<p>&nbsp;<\/p>\n<p>IX.- Baja en el servicio del env\u00edo de comunicaciones comerciales.<\/p>\n<p>Tienes derecho a revocar en cualquier momento el consentimiento prestado para entre otros, el env\u00edo de comunicaciones comerciales notificando a DAMEL que no deseas seguir recibiendo las mismas. Para ello, deber\u00e1s o bien revocar tu consentimiento en la forma descrita en el apartado anterior o bien pinchar en el enlace incluido en cada comunicaci\u00f3n comercial cancelando, por tanto, el env\u00edo de comunicaciones comerciales electr\u00f3nicas.<\/p>\n<p>&nbsp;<\/p>\n<p>X.- Modificaci\u00f3n de la Pol\u00edtica de Privacidad.<\/p>\n<p>TANTUM podr\u00e1 modificar su Pol\u00edtica de Privacidad de acuerdo con la legislaci\u00f3n aplicable en cada momento. En todo caso, cualquier modificaci\u00f3n de la Pol\u00edtica de Privacidad ser\u00e1 debidamente notificada a los Interesados para que queden informados de los cambios realizados en el tratamiento de los datos personales y, en caso de que la normativa aplicable as\u00ed lo exija, el Interesado pueda otorgar su consentimiento.<\/p>\n<p>&nbsp;<\/p>\n<p>Para m\u00e1s informaci\u00f3n: <a href=\"mailto:primalchit@primalchit.com\">primalchit@primalchit.com<\/a><\/p>\n<p>Modificado: enero 2020<\/p>\n","protected":false},"excerpt":{"rendered":"<p>I.- \u00bfQui\u00e9n es el Responsable del tratamiento de tus datos? El presente documento constituye la pol\u00edtica de privacidad (en adelante, \u00abPol\u00edtica de Privacidad\u00ab) que aplica a todos los datos de car\u00e1cter personal que TANTUM CONSULTORES, SOCIEDAD LIMITADA, con domicilio social en la C\/ Ribera, n\u00fam&#8230;.<\/p>\n","protected":false},"author":1,"featured_media":0,"parent":0,"menu_order":0,"comment_status":"closed","ping_status":"closed","template":"","meta":{"footnotes":""},"class_list":["post-692","page","type-page","status-publish","hentry"],"yoast_head":"<!-- This site is optimized with the Yoast SEO plugin v20.11 - https:\/\/yoast.com\/wordpress\/plugins\/seo\/ -->\n<title>Privacy Policy - Primalchit<\/title>\n<meta name=\"robots\" content=\"index, follow, max-snippet:-1, max-image-preview:large, max-video-preview:-1\" \/>\n<link rel=\"canonical\" href=\"https:\/\/www.primalchit.com\/en\/politica-de-privacidad\/\" \/>\n<meta property=\"og:locale\" content=\"en_US\" \/>\n<meta property=\"og:type\" content=\"article\" \/>\n<meta property=\"og:title\" content=\"Privacy Policy - Primalchit\" \/>\n<meta property=\"og:description\" content=\"I.- \u00bfQui\u00e9n es el Responsable del tratamiento de tus datos? El presente documento constituye la pol\u00edtica de privacidad (en adelante, \u00abPol\u00edtica de Privacidad\u00ab) que aplica a todos los datos de car\u00e1cter personal que TANTUM CONSULTORES, SOCIEDAD LIMITADA, con domicilio social en la C\/ Ribera, n\u00fam....\" \/>\n<meta property=\"og:url\" content=\"https:\/\/www.primalchit.com\/en\/politica-de-privacidad\/\" \/>\n<meta property=\"og:site_name\" content=\"Primalchit\" \/>\n<meta property=\"article:modified_time\" content=\"2023-07-17T12:09:33+00:00\" \/>\n<meta property=\"og:image\" content=\"https:\/\/www.primalchit.com\/wp-content\/uploads\/2023\/05\/PRIMALCHIT.png\" \/>\n\t<meta property=\"og:image:width\" content=\"203\" \/>\n\t<meta property=\"og:image:height\" content=\"29\" \/>\n\t<meta property=\"og:image:type\" content=\"image\/png\" \/>\n<meta name=\"twitter:card\" content=\"summary_large_image\" \/>\n<meta name=\"twitter:label1\" content=\"Est. reading time\" \/>\n\t<meta name=\"twitter:data1\" content=\"9 minutes\" \/>\n<script type=\"application\/ld+json\" class=\"yoast-schema-graph\">{\"@context\":\"https:\/\/schema.org\",\"@graph\":[{\"@type\":\"WebPage\",\"@id\":\"https:\/\/www.primalchit.com\/en\/politica-de-privacidad\/\",\"url\":\"https:\/\/www.primalchit.com\/en\/politica-de-privacidad\/\",\"name\":\"Privacy Policy - Primalchit\",\"isPartOf\":{\"@id\":\"https:\/\/www.primalchit.com\/#website\"},\"datePublished\":\"2023-05-12T08:56:33+00:00\",\"dateModified\":\"2023-07-17T12:09:33+00:00\",\"breadcrumb\":{\"@id\":\"https:\/\/www.primalchit.com\/en\/politica-de-privacidad\/#breadcrumb\"},\"inLanguage\":\"en-US\",\"potentialAction\":[{\"@type\":\"ReadAction\",\"target\":[\"https:\/\/www.primalchit.com\/en\/politica-de-privacidad\/\"]}]},{\"@type\":\"BreadcrumbList\",\"@id\":\"https:\/\/www.primalchit.com\/en\/politica-de-privacidad\/#breadcrumb\",\"itemListElement\":[{\"@type\":\"ListItem\",\"position\":1,\"name\":\"Portada\",\"item\":\"https:\/\/www.primalchit.com\/en\/development-of-innovative-technology-in-the-field-of-sustainable-chemistry\/\"},{\"@type\":\"ListItem\",\"position\":2,\"name\":\"Privacy Policy\"}]},{\"@type\":\"WebSite\",\"@id\":\"https:\/\/www.primalchit.com\/#website\",\"url\":\"https:\/\/www.primalchit.com\/\",\"name\":\"Primalchit\",\"description\":\"Desarrollo de tecnolog\u00eda innovadora en el \u00e1mbito de la quimica sostenible\",\"publisher\":{\"@id\":\"https:\/\/www.primalchit.com\/#organization\"},\"potentialAction\":[{\"@type\":\"SearchAction\",\"target\":{\"@type\":\"EntryPoint\",\"urlTemplate\":\"https:\/\/www.primalchit.com\/?s={search_term_string}\"},\"query-input\":\"required name=search_term_string\"}],\"inLanguage\":\"en-US\"},{\"@type\":\"Organization\",\"@id\":\"https:\/\/www.primalchit.com\/#organization\",\"name\":\"Primalchit\",\"url\":\"https:\/\/www.primalchit.com\/\",\"logo\":{\"@type\":\"ImageObject\",\"inLanguage\":\"en-US\",\"@id\":\"https:\/\/www.primalchit.com\/#\/schema\/logo\/image\/\",\"url\":\"https:\/\/www.primalchit.com\/wp-content\/uploads\/2023\/05\/PRIMALCHIT.png\",\"contentUrl\":\"https:\/\/www.primalchit.com\/wp-content\/uploads\/2023\/05\/PRIMALCHIT.png\",\"width\":203,\"height\":29,\"caption\":\"Primalchit\"},\"image\":{\"@id\":\"https:\/\/www.primalchit.com\/#\/schema\/logo\/image\/\"}}]}<\/script>\n<!-- \/ Yoast SEO plugin. -->","yoast_head_json":{"title":"Privacy Policy - Primalchit","robots":{"index":"index","follow":"follow","max-snippet":"max-snippet:-1","max-image-preview":"max-image-preview:large","max-video-preview":"max-video-preview:-1"},"canonical":"https:\/\/www.primalchit.com\/en\/politica-de-privacidad\/","og_locale":"en_US","og_type":"article","og_title":"Privacy Policy - Primalchit","og_description":"I.- \u00bfQui\u00e9n es el Responsable del tratamiento de tus datos? El presente documento constituye la pol\u00edtica de privacidad (en adelante, \u00abPol\u00edtica de Privacidad\u00ab) que aplica a todos los datos de car\u00e1cter personal que TANTUM CONSULTORES, SOCIEDAD LIMITADA, con domicilio social en la C\/ Ribera, n\u00fam....","og_url":"https:\/\/www.primalchit.com\/en\/politica-de-privacidad\/","og_site_name":"Primalchit","article_modified_time":"2023-07-17T12:09:33+00:00","og_image":[{"width":203,"height":29,"url":"https:\/\/www.primalchit.com\/wp-content\/uploads\/2023\/05\/PRIMALCHIT.png","type":"image\/png"}],"twitter_card":"summary_large_image","twitter_misc":{"Est. reading time":"9 minutes"},"schema":{"@context":"https:\/\/schema.org","@graph":[{"@type":"WebPage","@id":"https:\/\/www.primalchit.com\/en\/politica-de-privacidad\/","url":"https:\/\/www.primalchit.com\/en\/politica-de-privacidad\/","name":"Privacy Policy - Primalchit","isPartOf":{"@id":"https:\/\/www.primalchit.com\/#website"},"datePublished":"2023-05-12T08:56:33+00:00","dateModified":"2023-07-17T12:09:33+00:00","breadcrumb":{"@id":"https:\/\/www.primalchit.com\/en\/politica-de-privacidad\/#breadcrumb"},"inLanguage":"en-US","potentialAction":[{"@type":"ReadAction","target":["https:\/\/www.primalchit.com\/en\/politica-de-privacidad\/"]}]},{"@type":"BreadcrumbList","@id":"https:\/\/www.primalchit.com\/en\/politica-de-privacidad\/#breadcrumb","itemListElement":[{"@type":"ListItem","position":1,"name":"Portada","item":"https:\/\/www.primalchit.com\/en\/development-of-innovative-technology-in-the-field-of-sustainable-chemistry\/"},{"@type":"ListItem","position":2,"name":"Privacy Policy"}]},{"@type":"WebSite","@id":"https:\/\/www.primalchit.com\/#website","url":"https:\/\/www.primalchit.com\/","name":"Primalchit","description":"Desarrollo de tecnolog\u00eda innovadora en el \u00e1mbito de la quimica sostenible","publisher":{"@id":"https:\/\/www.primalchit.com\/#organization"},"potentialAction":[{"@type":"SearchAction","target":{"@type":"EntryPoint","urlTemplate":"https:\/\/www.primalchit.com\/?s={search_term_string}"},"query-input":"required name=search_term_string"}],"inLanguage":"en-US"},{"@type":"Organization","@id":"https:\/\/www.primalchit.com\/#organization","name":"Primalchit","url":"https:\/\/www.primalchit.com\/","logo":{"@type":"ImageObject","inLanguage":"en-US","@id":"https:\/\/www.primalchit.com\/#\/schema\/logo\/image\/","url":"https:\/\/www.primalchit.com\/wp-content\/uploads\/2023\/05\/PRIMALCHIT.png","contentUrl":"https:\/\/www.primalchit.com\/wp-content\/uploads\/2023\/05\/PRIMALCHIT.png","width":203,"height":29,"caption":"Primalchit"},"image":{"@id":"https:\/\/www.primalchit.com\/#\/schema\/logo\/image\/"}}]}},"_links":{"self":[{"href":"https:\/\/www.primalchit.com\/en\/wp-json\/wp\/v2\/pages\/692","targetHints":{"allow":["GET"]}}],"collection":[{"href":"https:\/\/www.primalchit.com\/en\/wp-json\/wp\/v2\/pages"}],"about":[{"href":"https:\/\/www.primalchit.com\/en\/wp-json\/wp\/v2\/types\/page"}],"author":[{"embeddable":true,"href":"https:\/\/www.primalchit.com\/en\/wp-json\/wp\/v2\/users\/1"}],"replies":[{"embeddable":true,"href":"https:\/\/www.primalchit.com\/en\/wp-json\/wp\/v2\/comments?post=692"}],"version-history":[{"count":2,"href":"https:\/\/www.primalchit.com\/en\/wp-json\/wp\/v2\/pages\/692\/revisions"}],"predecessor-version":[{"id":738,"href":"https:\/\/www.primalchit.com\/en\/wp-json\/wp\/v2\/pages\/692\/revisions\/738"}],"wp:attachment":[{"href":"https:\/\/www.primalchit.com\/en\/wp-json\/wp\/v2\/media?parent=692"}],"curies":[{"name":"wp","href":"https:\/\/api.w.org\/{rel}","templated":true}]}}