{"id":690,"date":"2023-05-12T10:55:49","date_gmt":"2023-05-12T08:55:49","guid":{"rendered":"https:\/\/www.primalchit.com\/aviso-legal\/"},"modified":"2023-07-17T14:08:44","modified_gmt":"2023-07-17T12:08:44","slug":"aviso-legal","status":"publish","type":"page","link":"https:\/\/www.primalchit.com\/en\/aviso-legal\/","title":{"rendered":"Legal warning"},"content":{"rendered":"<p><strong>Aviso Legal y Condiciones de uso:<\/strong><\/p>\n<p>&nbsp;<\/p>\n<p>INTRODUCCION<\/p>\n<p>TANTUM CONSULTORES, S.L. informa al usuario que el acceso y el uso del sitio web o de los servicios ofrecidos en el mismo, atribuyen desde el primer momento la condici\u00f3n de usuario web (en adelante \u201cusuario\u201d) y la obtenci\u00f3n de dicha condici\u00f3n supone la celebraci\u00f3n de un contrato entre TANTUM y el usuario.<\/p>\n<p>&nbsp;<\/p>\n<p>IDENTIDAD Y TITULARIDAD DE LA WEB<\/p>\n<p>El titular de la p\u00e1gina web primalchit.com y de los servicios prestados a trav\u00e9s de esta es TANTUM CONSULTORES, S.L., inscrita en el Registro Mercantil de Valencia, al tomo 6718, Libro 4022, hoja 45 y est\u00e1 provista de C.I.F. B-97010953 (en adelante, la \u201cTANTUM\u201d) y con domicilio a efectos de notificaciones en C\/ Ribera, n\u00fam. 18, 14, 46002, Valencia, y correo electr\u00f3nico primalchit@primalchit.com.<\/p>\n<p>&nbsp;<\/p>\n<p>CONDICIONES DE USO<\/p>\n<p>Estas condiciones de uso regulan el uso de los contenidos y del servicio del sitio web primalchit.com que TANTUM pone gratuitamente a disposici\u00f3n de los usuarios de internet. A trav\u00e9s de la p\u00e1gina web TANTUM facilita el acceso y la utilizaci\u00f3n de diversos servicios y contenidos puestos a disposici\u00f3n de los usuarios por TANTUM o por terceros.<\/p>\n<p>La utilizaci\u00f3n de la web le atribuye, desde el comienzo, la condici\u00f3n de usuario y ello conllevar\u00e1 la aceptaci\u00f3n expresa, plena y sin reservas de las presentes condiciones de uso. Si decide no aceptar las presentes condiciones deber\u00e1 cesar y abstener de usar los contenidos y servicios ofrecidos por TANTUM en la web.<\/p>\n<p>Mediante la aceptaci\u00f3n de las presentes condiciones, el usuario declara:<\/p>\n<p>1.Que es una persona mayor de edad y\/o con suficiente capacidad de obrar.<\/p>\n<p>2.Que ha le\u00eddo y acepta las presentes condiciones generales<\/p>\n<p>Estas condiciones generales se complementan con la Pol\u00edtica de Cookies y la Pol\u00edtica de Privacidad que TANTUM pone a disposici\u00f3n del usuario.<\/p>\n<p>&nbsp;<\/p>\n<p><strong>PROPIEDAD INDUSTRIAL E INTELECTUAL<\/strong><\/p>\n<p>El sitio web primalchit.com, las p\u00e1ginas que comprende y la informaci\u00f3n o elementos contenidos en las mismas (tales como, entre otros, los nombres, textos, ilustraciones, gr\u00e1ficos, dibujos, fotograf\u00edas, archivos de sonido y\/o imagen, grabaciones, videos, software, etc.) y en general cualesquiera otros contenidos o material accesible a trav\u00e9s de la web (en adelante, los \u201cContenidos\u201d), as\u00ed como las marcas, logotipos, esl\u00f3ganes, patrones, y cualesquiera otros signos distintivos contenidos en el dominio web, salvo que expresamente se indique lo contrario, se encuentran bajo la tutela de los derechos de propiedad industrial e intelectual de TANTUM.<\/p>\n<p>Las marcas, logotipos, y cualesquiera otros signos distintivos que aparecen en la web est\u00e1n registrados y\/o son de exclusiva propiedad de TANTUM y\/o de terceras partes que tienen autorizado a TANTUM su uso y comunicaci\u00f3n p\u00fablica. Ninguna menci\u00f3n contenida en la web y\/o ninguna utilizaci\u00f3n de los servicios prestados por TANTUM a trav\u00e9s de la misma podr\u00e1 ser interpretada como una cesi\u00f3n o licencia de los derechos de propiedad industrial e intelectual. En cualquier caso, el uso y la cesi\u00f3n de los citados derechos precisar\u00e1n el previo consentimiento por escrito por parte de TANTUM y\/o de las terceras partes titulares de dichos derechos.<\/p>\n<p>&nbsp;<\/p>\n<p><strong>CONDICIONES DE ACCESO Y USO DEL SITIO WEB<\/strong><\/p>\n<p>El acceso a primalchit.com tiene el car\u00e1cter de gratuito y no exige la suscripci\u00f3n previa o registro de los usuarios para acceder a los mismos.<\/p>\n<p>Con car\u00e1cter general los servicios ofrecidos por TANTUM a trav\u00e9s del sitio web estar\u00e1n disponibles en espa\u00f1ol y\/o en ingl\u00e9s, sin perjuicio de la posibilidad de ofrecer los mismos en el resto de idiomas auton\u00f3micos oficiales, as\u00ed como en otro idioma hablado en la Uni\u00f3n Europea.<\/p>\n<p>TANTUM se reserva en todo momento el derecho de modificar de forma unilateral y sin aviso previo a los usuarios, la prestaci\u00f3n, configuraci\u00f3n, contenido y servicios del sitio web, as\u00ed como sus condiciones de uso y el acceso, siempre con el fin de mejorar los servicios y productos ofrecidos a trav\u00e9s de primalchit.com.<\/p>\n<p>&nbsp;<\/p>\n<p><strong>USOS CORRECTOS Y PROHIBIDOS DEL SITIO WEB<\/strong><\/p>\n<p>El usuario se compromete a utilizar la web y los servicios de forma correcta, licita y con la diligencia debida, de conformidad con los dispuesto en la normativa aplicable, as\u00ed como de acuerdo con lo previsto en las presentes condiciones generales.<\/p>\n<p>El usuario se obliga a abstenerse de utilizar la web y los servicios de forma y con fines il\u00edcitos, contrarios a las presentes condiciones generales, que violen o lesionen los derechos de TANTUM o de terceros o de forma que puedan da\u00f1ar, inutilizar, sobrecargar, deteriorar o que impida la normal utilizaci\u00f3n o disfrute de la web y de los servicios por parte de los usuarios.<\/p>\n<p>&nbsp;<\/p>\n<p><strong>POL\u00cdTICA DE USOS DE CONTENIDOS<\/strong><\/p>\n<p>TANTUM autoriza al usuario a visualizar el contenido del sitio web, as\u00ed como a efectuar reproducciones privadas, siempre y cuando los elementos sean destinados \u00fanicamente al uso personal.<\/p>\n<p>El usuario se compromete a abstenerse de obtener cualquier clase de contenido de primalchit.com empleando para ello medios o procedimientos distintos de los que, seg\u00fan los casos, se hayan puesto a su disposici\u00f3n o se hayan indicado a este efecto en el sitio web, o de los que con car\u00e1cter general se empleen a este efecto, siempre y cuando no entra\u00f1en un riesgo de da\u00f1o o de inutilizaci\u00f3n de la web, servicios y\/o contenidos.<\/p>\n<p>&nbsp;<\/p>\n<p>A estos efectos, el usuario no deber\u00e1 utilizar los contenidos con fines o efectos contrarios a la ley, la moral y a las buenas costumbres o al orden p\u00fablico; deber\u00e1 abstenerse de reproducir o copiar, distribuir, permitir el acceso del p\u00fablico a trav\u00e9s de cualquier modalidad de comunicaci\u00f3n p\u00fablica, transformar o modificar los contenidos, a menos que TANTUM expresamente le autorice; deber\u00e1 abstenerse de suprimir, eludir o manipular el Copyright y dem\u00e1s signos o datos identificativos de los derechos de propiedad industrial e intelectual de TANTUM y\/o de terceros incorporados a los contenidos, o a cualesquiera otros mecanismos de informaci\u00f3n que puedan contener los contenidos.<\/p>\n<p>&nbsp;<\/p>\n<p><strong>POL\u00cdTICA DE PRIVACIDAD<\/strong><\/p>\n<p>Para el uso de determinados servicios TANTUM podr\u00e1 requerir a los usuarios que con car\u00e1cter previo proporcionen a TANTUM ciertos datos de car\u00e1cter personal (en adelante, los \u201cDatos Personales\u201d).<\/p>\n<p>TANTUM pone a disposici\u00f3n los usuarios su Pol\u00edtica de Protecci\u00f3n de Datos donde define las finalidades de su recogida y tratamiento.<\/p>\n<p>TANTUM declara que cumple la normativa vigente respecto a la protecci\u00f3n de datos, en particular la Ley Org\u00e1nica 15\/1999, de 13 de diciembre, de Protecci\u00f3n de Datos de Car\u00e1cter Personal y el Real Decreto 994\/1999, de 11 de junio, que desarrolla la citada ley org\u00e1nica. TANTUM pone a disposici\u00f3n de los usuarios los medios de contacto necesarios para que estos ejerzan los derechos de acceso, rectificaci\u00f3n, cancelaci\u00f3n y oposici\u00f3n garantizados por la legislaci\u00f3n vigente.<\/p>\n<p>&nbsp;<\/p>\n<p><strong>POL\u00cdTICA DE COOKIES<\/strong><\/p>\n<p>En el enlace \u201cPol\u00edtica de Cookies\u201d le informamos que esta web puede utilizar cookies para llevar a cabo determinadas funciones que son consideradas imprescindibles para el correcto funcionamiento y visualizaci\u00f3n del sitio, para compartir en las redes sociales y para realizar an\u00e1lisis de estad\u00edsticas de evaluaci\u00f3n y propuestas de mejora.<\/p>\n<p>&nbsp;<\/p>\n<p><strong>POL\u00cdTICA DE ENLACES<\/strong><\/p>\n<p>Los usuarios y, en general, aquellas personas que se propongan establecer un hiperenlace entre su p\u00e1gina web y primalchit.com (en adelante, el \u201dHiperenlace\u201d) deber\u00e1n cumplir con las siguiente condiciones: (a) el Hiperenlace \u00fanicamente permitir\u00e1 el acceso a la web, pero no podr\u00e1 reproducirlas de ninguna forma; (b) no se establecer\u00e1n hiperenlaces con las p\u00e1ginas distintas de la web diferentes de la home-page o p\u00e1gina primera de la web; (c) no se crear\u00e1 un browser ni un border enviroment sobre las distintas p\u00e1ginas de la web; (d) no se realizar\u00e1n manifestaciones o indicaciones falsas, inexactas o incorrectas sobre las distintas p\u00e1ginas de la web y los servicios, y en particular, no se declarar\u00e1 ni dar\u00e1 a entender que TANTUM ha autorizado el Hiperenlace o que ha supervisado o asumido de cualquier forma los contenidos o servicios ofrecidos o puestos a disposici\u00f3n de la p\u00e1gina web en la que se establece el Hiperenlace;(e) excepci\u00f3n hecha de aquellos signos que formen parte del mismo Hiperenlace, la p\u00e1gina web en la que se establezca el Hiperenlace no contendr\u00e1 ninguna marca, nombre comercial, r\u00f3tulo de establecimiento, denominaci\u00f3n, logotipo, eslogan u otros signos distintivos pertenecientes a TANTUM; (f) la p\u00e1gina web en la que se establezca el Hiperenlace no contendr\u00e1 informaciones o contenidos il\u00edcitos, contrarios a la moral y buenas costumbres generalmente aceptadas y al orden p\u00fablico, as\u00ed como tampoco contendr\u00e1 contenidos contrarios a cualesquiera derechos de terceros. El establecimiento del Hiperenlace no implica en ning\u00fan caso la existencia de relaciones entre TANTUM y el propietario de la p\u00e1gina web en la que se establezca, ni la aceptaci\u00f3n y aprobaci\u00f3n por parte de TANTUM de sus contenidos o servicios.<\/p>\n<p>&nbsp;<\/p>\n<p><strong>EXENCI\u00d3N Y LIMITACI\u00d3N DE RESPONSABILIDAD<\/strong><\/p>\n<p>El usuario es consciente de y acepta voluntariamente que el uso de la web, de los servicios y de los contenidos tiene lugar, en todo caso, bajo su \u00fanica y exclusiva responsabilidad.<\/p>\n<p>A pesar de que TANTUM pone el m\u00e1ximo empe\u00f1o en garantizar la precisi\u00f3n y exactitud en el contenido de la web, esta puede contener errores o inexactitudes. En consecuencia, TANTUM no garantiza la veracidad, fiabilidad o exactitud de su contenido.<\/p>\n<p>Asimismo TANTUM no garantiza la disponibilidad, continuidad del funcionamiento de la web, ni la correcta visualizaci\u00f3n, descarga o utilidad de los elementos e informaci\u00f3n contenidos en el sitio web que se puedan ver impedidos, dificultados e impedidos por circunstancias o factores fuera de su control o ajenas a su voluntad, ni de aquellos producidos por virus inform\u00e1ticos en internet. Cuando ello sea razonablemente posible, TANTUM advertir\u00e1 previamente las interrupciones en el funcionamiento de la web y de los servicios.<\/p>\n<p>Por consiguiente, TANTUM no asume responsabilidad alguna por los da\u00f1os, perjuicios, p\u00e9rdidas, reclamaciones o gastos de ning\u00fan tipo surgido de, o en relaci\u00f3n al uso de esta p\u00e1gina web, y concretamente, sin car\u00e1cter limitativo, por:<\/p>\n<ul>\n<li>La falta de disponibilidad y\/o continuidad del funcionamiento de la web y de los servicios prestados a trav\u00e9s de la misma motivado por errores en las l\u00edneas y redes de telecomunicaciones o por cualquier otra causa ajena al control de TANTUM.<\/li>\n<li>La defraudaci\u00f3n de la utilidad que los usuarios hubieran podido atribuir a la web y a sus servicios, a la fiabilidad de la web y de los servicios.<\/li>\n<li>El conocimiento que puedan tener terceros no autorizados de la clase, condiciones, caracter\u00edsticas y circunstancias del uso que los usuarios hacen de la web y de los servicios.<\/li>\n<li>La presencia de virus o cualesquiera otros elementos en los contenidos que puedan producir alteraciones en su sistema inform\u00e1tico (software y hardware) o en los documentos electr\u00f3nicos y ficheros almacenados en su sistema inform\u00e1tico.<\/li>\n<li>La transmisi\u00f3n, difusi\u00f3n, almacenamiento, puesta a disposici\u00f3n, recepci\u00f3n, obtenci\u00f3n o acceso a los contenidos por parte de los usuarios, as\u00ed como su uso il\u00edcito, negligente, fraudulento, contrario a las presentes condiciones, a la buen fe, a los usos generalmente aceptados o al orden p\u00fablico.<\/li>\n<li>Errores de seguridad o navegaci\u00f3n producidos por un mal funcionamiento del navegador del usuario o por el uso de versiones no actualizadas.<\/li>\n<li>El acceso de menores de edad a los contenidos incluidos en los servicios.<\/li>\n<li>Los fallos que se pudieran producir en las comunicaciones, borrado o transmisiones incompletas.<\/li>\n<li>La inoperatividad o problemas en la direcci\u00f3n de correo electr\u00f3nico facilitada por el usuario.<\/li>\n<li>Los contenidos, informaciones, opiniones y manifestaciones de cualquier usuario o de terceras personas o entidades que se comuniquen a trav\u00e9s del servicio.<\/li>\n<li>La utilizaci\u00f3n que los usuarios puedan hacer de los materiales del servicio, ya sean prohibidos o permitidos, en infracci\u00f3n de los derechos de propiedad intelectual y\/o industrial, informaci\u00f3n confidencial, de contenidos del servicio o de terceros.<\/li>\n<li>La realizaci\u00f3n de actos de competencia desleal y publicidad il\u00edcita o infracci\u00f3n de los derechos de propiedad intelectual e industrial, de los secretos empresariales, de compromisos contractuales de cualquier clase, de los derechos al honor, a la intimidad personal y familiar y a la imagen, de los derechos de propiedad y de otra naturaleza pertenecientes a un tercero como consecuencia de la transmisi\u00f3n, difusi\u00f3n, almacenamiento, puesta a disposici\u00f3n, recepci\u00f3n, obtenci\u00f3n o acceso a los contenidos.<\/li>\n<li>El incumplimiento, retraso en el cumplimiento, cumplimiento defectuoso o terminaci\u00f3n por cualquier causa de las obligaciones contra\u00eddas por terceros y contratos realizados con terceros a trav\u00e9s de o con motivo del acceso a los contenidos.<\/li>\n<li>La eventual p\u00e9rdida de datos de los usuarios por causa no atribuible al servicio.<\/li>\n<\/ul>\n<p>Adicionalmente, TANTUM rechaza la responsabilidad sobre la informaci\u00f3n, contenidos y servicios de terceros prestados a trav\u00e9s de la web o alojados en p\u00e1ginas web de terceras partes conectadas por enlaces (links), con la p\u00e1gina web.<\/p>\n<p>&nbsp;<\/p>\n<p><strong>DENEGACI\u00d3N Y RETIRADA DEL ACCESO A LA WEB Y\/O A LOS SERVICIOS<\/strong><\/p>\n<p>TANTUM se reserva el derecho a denegar o retirar el acceso a la web y\/o a los servicios, en cualquier momento y sin necesidad de preaviso a aquellos usuarios que incumplan estas condiciones generales que resulten de aplicaci\u00f3n.<\/p>\n<p>&nbsp;<\/p>\n<p><strong>PROCEDIMIENTO EN CASO DE REALIZACI\u00d3N DE ACTIVIDADES DE CAR\u00c1CTER IL\u00cdCITO<\/strong><\/p>\n<p>En el caso de que cualquier usuario o un tercero considere que existen hechos o circunstancias que revelen el car\u00e1cter il\u00edcito de la utilizaci\u00f3n de cualquier contenido y\/o de la realizaci\u00f3n de cualquier actividad en las p\u00e1ginas incluidas o accesibles a trav\u00e9s de la web, y, en particular, de la violaci\u00f3n de derechos de propiedad intelectual o industrial (patentes, modelos y dibujos industriales, marcas y nombres comerciales, etc.) u otros derechos, deber\u00e1 enviar una notificaci\u00f3n a TANTUM en la que se contengan los siguientes extremos: (a) datos personales: nombre, direcci\u00f3n, n\u00famero de tel\u00e9fono y direcci\u00f3n de correo electr\u00f3nico del reclamante; (b) especificaci\u00f3n de la supuesta actividad il\u00edcita llevada a cabo en la web y, en particular, cuando se trate de una supuesta violaci\u00f3n de derechos, indicaci\u00f3n precisa y concreta de los contenidos protegidos as\u00ed como de su localizaci\u00f3n en las p\u00e1ginas web; (c) hechos o circunstancias que revelan el car\u00e1cter il\u00edcito de dicha actividad; (d) en el supuesto de violaci\u00f3n de derechos, firma aut\u00e9ntica o equivalente, con los datos personales del titular de los derechos supuestamente infringidos o de la persona autorizada para actuar en nombre y por cuenta de \u00e9sta; (e) declaraci\u00f3n expresa, clara y bajo la responsabilidad del reclamante de que la informaci\u00f3n proporcionada en la notificaci\u00f3n es exacta y del car\u00e1cter il\u00edcito de la utilizaci\u00f3n de los contenidos o de la realizaci\u00f3n de las actividades descritas.<\/p>\n<p>&nbsp;<\/p>\n<p>Estas notificaciones deber\u00e1n ser enviadas a: primalchit@primalchit.com<\/p>\n<p>&nbsp;<\/p>\n<p><strong>MODIFICACI\u00d3N DE LOS T\u00c9RMINOS DE USO<\/strong><\/p>\n<p>TANTUM podr\u00e1 modificar en cualquier momento las presentes condiciones, reserv\u00e1ndose el derecho a modificar, a\u00f1adir o eliminar en cualquier momento y de forma unilateral alguna de las presentes condiciones, sin que exista la obligaci\u00f3n legal de avisar o poner en conocimiento del usuario dichas modificaciones, entendi\u00e9ndose como suficiente la publicaci\u00f3n de las mismas en el sitio web.<\/p>\n<p>&nbsp;<\/p>\n<p><strong>LEY APLICABLE Y JURISDICCI\u00d3N<\/strong><\/p>\n<p>Estas condiciones generales se rigen de acuerdo a la legislaci\u00f3n espa\u00f1ola y la normativa aplicable de la Uni\u00f3n Europea.<\/p>\n<p>TANTUM y el usuario, con renuncia expresa a cualquier otro fuero, se someten al de los Juzgados y Tribunales de la ciudad de Valencia (Espa\u00f1a) para cualquier controversia que pudiera derivarse de la prestaci\u00f3n de los servicios objeto de estas condiciones generales.<\/p>\n<p>Si el usuario accede desde una ubicaci\u00f3n fuera de Espa\u00f1a, el usuario ser\u00e1 el responsable de cumplir con toda la legislaci\u00f3n local e internacional que le resulte de aplicaci\u00f3n.<\/p>\n<p>&nbsp;<\/p>\n<p><strong>NULIDAD E INEFICACIA DE LAS CONDICIONES<\/strong><\/p>\n<p>Si cualquier cl\u00e1usula incluida en estas Condiciones Generales de Uso fuese declarada, total o parcialmente, nula o ineficaz, tal nulidad o ineficacia afectar\u00e1 tan s\u00f3lo a dicha disposici\u00f3n o a la parte de la misma que resulte nula o ineficaz, subsistiendo las restantes condiciones generales en todo lo dem\u00e1s, teni\u00e9ndose tal disposici\u00f3n, o la parte de la misma que resultase afectada, por no puesta.<\/p>\n<p>&nbsp;<\/p>\n<p>Para m\u00e1s informaci\u00f3n: <a href=\"mailto:primalchit@primalchit.com\">primalchit@primalchit.com<\/a><\/p>\n<p>\u00daltima revisi\u00f3n: enero 2020<\/p>\n","protected":false},"excerpt":{"rendered":"<p>Aviso Legal y Condiciones de uso: &nbsp; INTRODUCCION TANTUM CONSULTORES, S.L. informa al usuario que el acceso y el uso del sitio web o de los servicios ofrecidos en el mismo, atribuyen desde el primer momento la condici\u00f3n de usuario web (en adelante \u201cusuario\u201d) y&#8230;<\/p>\n","protected":false},"author":1,"featured_media":0,"parent":0,"menu_order":0,"comment_status":"closed","ping_status":"closed","template":"","meta":{"footnotes":""},"class_list":["post-690","page","type-page","status-publish","hentry"],"yoast_head":"<!-- This site is optimized with the Yoast SEO plugin v20.11 - https:\/\/yoast.com\/wordpress\/plugins\/seo\/ -->\n<title>Legal warning - Primalchit<\/title>\n<meta name=\"robots\" content=\"index, follow, max-snippet:-1, max-image-preview:large, max-video-preview:-1\" \/>\n<link rel=\"canonical\" href=\"https:\/\/www.primalchit.com\/en\/aviso-legal\/\" \/>\n<meta property=\"og:locale\" content=\"en_US\" \/>\n<meta property=\"og:type\" content=\"article\" \/>\n<meta property=\"og:title\" content=\"Legal warning - Primalchit\" \/>\n<meta property=\"og:description\" content=\"Aviso Legal y Condiciones de uso: &nbsp; INTRODUCCION TANTUM CONSULTORES, S.L. informa al usuario que el acceso y el uso del sitio web o de los servicios ofrecidos en el mismo, atribuyen desde el primer momento la condici\u00f3n de usuario web (en adelante \u201cusuario\u201d) y...\" \/>\n<meta property=\"og:url\" content=\"https:\/\/www.primalchit.com\/en\/aviso-legal\/\" \/>\n<meta property=\"og:site_name\" content=\"Primalchit\" \/>\n<meta property=\"article:modified_time\" content=\"2023-07-17T12:08:44+00:00\" \/>\n<meta property=\"og:image\" content=\"https:\/\/www.primalchit.com\/wp-content\/uploads\/2023\/05\/PRIMALCHIT.png\" \/>\n\t<meta property=\"og:image:width\" content=\"203\" \/>\n\t<meta property=\"og:image:height\" content=\"29\" \/>\n\t<meta property=\"og:image:type\" content=\"image\/png\" \/>\n<meta name=\"twitter:card\" content=\"summary_large_image\" \/>\n<meta name=\"twitter:label1\" content=\"Est. reading time\" \/>\n\t<meta name=\"twitter:data1\" content=\"14 minutes\" \/>\n<script type=\"application\/ld+json\" class=\"yoast-schema-graph\">{\"@context\":\"https:\/\/schema.org\",\"@graph\":[{\"@type\":\"WebPage\",\"@id\":\"https:\/\/www.primalchit.com\/en\/aviso-legal\/\",\"url\":\"https:\/\/www.primalchit.com\/en\/aviso-legal\/\",\"name\":\"Legal warning - Primalchit\",\"isPartOf\":{\"@id\":\"https:\/\/www.primalchit.com\/#website\"},\"datePublished\":\"2023-05-12T08:55:49+00:00\",\"dateModified\":\"2023-07-17T12:08:44+00:00\",\"breadcrumb\":{\"@id\":\"https:\/\/www.primalchit.com\/en\/aviso-legal\/#breadcrumb\"},\"inLanguage\":\"en-US\",\"potentialAction\":[{\"@type\":\"ReadAction\",\"target\":[\"https:\/\/www.primalchit.com\/en\/aviso-legal\/\"]}]},{\"@type\":\"BreadcrumbList\",\"@id\":\"https:\/\/www.primalchit.com\/en\/aviso-legal\/#breadcrumb\",\"itemListElement\":[{\"@type\":\"ListItem\",\"position\":1,\"name\":\"Portada\",\"item\":\"https:\/\/www.primalchit.com\/en\/development-of-innovative-technology-in-the-field-of-sustainable-chemistry\/\"},{\"@type\":\"ListItem\",\"position\":2,\"name\":\"Legal warning\"}]},{\"@type\":\"WebSite\",\"@id\":\"https:\/\/www.primalchit.com\/#website\",\"url\":\"https:\/\/www.primalchit.com\/\",\"name\":\"Primalchit\",\"description\":\"Desarrollo de tecnolog\u00eda innovadora en el \u00e1mbito de la quimica sostenible\",\"publisher\":{\"@id\":\"https:\/\/www.primalchit.com\/#organization\"},\"potentialAction\":[{\"@type\":\"SearchAction\",\"target\":{\"@type\":\"EntryPoint\",\"urlTemplate\":\"https:\/\/www.primalchit.com\/?s={search_term_string}\"},\"query-input\":\"required name=search_term_string\"}],\"inLanguage\":\"en-US\"},{\"@type\":\"Organization\",\"@id\":\"https:\/\/www.primalchit.com\/#organization\",\"name\":\"Primalchit\",\"url\":\"https:\/\/www.primalchit.com\/\",\"logo\":{\"@type\":\"ImageObject\",\"inLanguage\":\"en-US\",\"@id\":\"https:\/\/www.primalchit.com\/#\/schema\/logo\/image\/\",\"url\":\"https:\/\/www.primalchit.com\/wp-content\/uploads\/2023\/05\/PRIMALCHIT.png\",\"contentUrl\":\"https:\/\/www.primalchit.com\/wp-content\/uploads\/2023\/05\/PRIMALCHIT.png\",\"width\":203,\"height\":29,\"caption\":\"Primalchit\"},\"image\":{\"@id\":\"https:\/\/www.primalchit.com\/#\/schema\/logo\/image\/\"}}]}<\/script>\n<!-- \/ Yoast SEO plugin. -->","yoast_head_json":{"title":"Legal warning - Primalchit","robots":{"index":"index","follow":"follow","max-snippet":"max-snippet:-1","max-image-preview":"max-image-preview:large","max-video-preview":"max-video-preview:-1"},"canonical":"https:\/\/www.primalchit.com\/en\/aviso-legal\/","og_locale":"en_US","og_type":"article","og_title":"Legal warning - Primalchit","og_description":"Aviso Legal y Condiciones de uso: &nbsp; INTRODUCCION TANTUM CONSULTORES, S.L. informa al usuario que el acceso y el uso del sitio web o de los servicios ofrecidos en el mismo, atribuyen desde el primer momento la condici\u00f3n de usuario web (en adelante \u201cusuario\u201d) y...","og_url":"https:\/\/www.primalchit.com\/en\/aviso-legal\/","og_site_name":"Primalchit","article_modified_time":"2023-07-17T12:08:44+00:00","og_image":[{"width":203,"height":29,"url":"https:\/\/www.primalchit.com\/wp-content\/uploads\/2023\/05\/PRIMALCHIT.png","type":"image\/png"}],"twitter_card":"summary_large_image","twitter_misc":{"Est. reading time":"14 minutes"},"schema":{"@context":"https:\/\/schema.org","@graph":[{"@type":"WebPage","@id":"https:\/\/www.primalchit.com\/en\/aviso-legal\/","url":"https:\/\/www.primalchit.com\/en\/aviso-legal\/","name":"Legal warning - Primalchit","isPartOf":{"@id":"https:\/\/www.primalchit.com\/#website"},"datePublished":"2023-05-12T08:55:49+00:00","dateModified":"2023-07-17T12:08:44+00:00","breadcrumb":{"@id":"https:\/\/www.primalchit.com\/en\/aviso-legal\/#breadcrumb"},"inLanguage":"en-US","potentialAction":[{"@type":"ReadAction","target":["https:\/\/www.primalchit.com\/en\/aviso-legal\/"]}]},{"@type":"BreadcrumbList","@id":"https:\/\/www.primalchit.com\/en\/aviso-legal\/#breadcrumb","itemListElement":[{"@type":"ListItem","position":1,"name":"Portada","item":"https:\/\/www.primalchit.com\/en\/development-of-innovative-technology-in-the-field-of-sustainable-chemistry\/"},{"@type":"ListItem","position":2,"name":"Legal warning"}]},{"@type":"WebSite","@id":"https:\/\/www.primalchit.com\/#website","url":"https:\/\/www.primalchit.com\/","name":"Primalchit","description":"Desarrollo de tecnolog\u00eda innovadora en el \u00e1mbito de la quimica sostenible","publisher":{"@id":"https:\/\/www.primalchit.com\/#organization"},"potentialAction":[{"@type":"SearchAction","target":{"@type":"EntryPoint","urlTemplate":"https:\/\/www.primalchit.com\/?s={search_term_string}"},"query-input":"required name=search_term_string"}],"inLanguage":"en-US"},{"@type":"Organization","@id":"https:\/\/www.primalchit.com\/#organization","name":"Primalchit","url":"https:\/\/www.primalchit.com\/","logo":{"@type":"ImageObject","inLanguage":"en-US","@id":"https:\/\/www.primalchit.com\/#\/schema\/logo\/image\/","url":"https:\/\/www.primalchit.com\/wp-content\/uploads\/2023\/05\/PRIMALCHIT.png","contentUrl":"https:\/\/www.primalchit.com\/wp-content\/uploads\/2023\/05\/PRIMALCHIT.png","width":203,"height":29,"caption":"Primalchit"},"image":{"@id":"https:\/\/www.primalchit.com\/#\/schema\/logo\/image\/"}}]}},"_links":{"self":[{"href":"https:\/\/www.primalchit.com\/en\/wp-json\/wp\/v2\/pages\/690","targetHints":{"allow":["GET"]}}],"collection":[{"href":"https:\/\/www.primalchit.com\/en\/wp-json\/wp\/v2\/pages"}],"about":[{"href":"https:\/\/www.primalchit.com\/en\/wp-json\/wp\/v2\/types\/page"}],"author":[{"embeddable":true,"href":"https:\/\/www.primalchit.com\/en\/wp-json\/wp\/v2\/users\/1"}],"replies":[{"embeddable":true,"href":"https:\/\/www.primalchit.com\/en\/wp-json\/wp\/v2\/comments?post=690"}],"version-history":[{"count":2,"href":"https:\/\/www.primalchit.com\/en\/wp-json\/wp\/v2\/pages\/690\/revisions"}],"predecessor-version":[{"id":737,"href":"https:\/\/www.primalchit.com\/en\/wp-json\/wp\/v2\/pages\/690\/revisions\/737"}],"wp:attachment":[{"href":"https:\/\/www.primalchit.com\/en\/wp-json\/wp\/v2\/media?parent=690"}],"curies":[{"name":"wp","href":"https:\/\/api.w.org\/{rel}","templated":true}]}}